{"id":2425,"date":"2025-11-21T15:02:06","date_gmt":"2025-11-21T14:02:06","guid":{"rendered":"https:\/\/fachjan.nl\/geschichte\/"},"modified":"2026-01-22T12:49:07","modified_gmt":"2026-01-22T11:49:07","slug":"geschichte","status":"publish","type":"page","link":"https:\/\/fachjan.nl\/de\/geschichte\/","title":{"rendered":"Geschichte"},"content":{"rendered":"<h4>\u00fcber fachjan<\/h4>\n<h2>seit 50 jahren vertraut<\/h2>\n<p>Seit mehr als f\u00fcnf Jahrzehnten ist Fachjan im gr\u00fcnen Herzen der Niederlande ans\u00e4ssig. Wir sind ein leidenschaftliches Familienunternehmen, das sich zu einem f\u00fchrenden Akteur im internationalen Gew\u00e4chshausgartenbau entwickelt hat. Was als kleinfl\u00e4chiger Anbau von Zimmerpflanzen begann, ist zu einem modernen und vielseitigen Unternehmen mit vier Standorten, mehr als 100.000 m\u00b2 eigenen Gew\u00e4chsh\u00e4usern und einem Sortiment gewachsen, das von kleinen Topfpflanzen bis hin zu B\u00e4umen mit einer H\u00f6he von vierzehn Metern reicht.<\/p>\n<p>Bei Fachjan geht es nicht nur um Pflanzen, sondern um Erlebnis, Qualit\u00e4t und nachhaltige Beziehungen. Wir glauben an langfristiges Denken \u2014 nicht an Ketten, sondern an Partnerschaften.<\/p>\n","protected":false},"excerpt":{"rendered":"<p>\u00fcber fachjan seit 50 jahren vertraut Seit mehr als f\u00fcnf Jahrzehnten ist Fachjan im gr\u00fcnen Herzen der Niederlande ans\u00e4ssig. Wir sind ein leidenschaftliches Familienunternehmen, das sich zu einem f\u00fchrenden Akteur im internationalen Gew\u00e4chshausgartenbau entwickelt hat. Was als kleinfl\u00e4chiger Anbau von Zimmerpflanzen begann, ist zu einem modernen und vielseitigen Unternehmen mit vier Standorten, mehr als 100.000 [&hellip;]<\/p>\n","protected":false},"author":1,"featured_media":2891,"parent":0,"menu_order":0,"comment_status":"closed","ping_status":"closed","template":"page-templates\/template-geschiedenis.php","meta":{"_acf_changed":false,"footnotes":""},"class_list":["post-2425","page","type-page","status-publish","has-post-thumbnail","hentry"],"acf":[],"_links":{"self":[{"href":"https:\/\/fachjan.nl\/de\/wp-json\/wp\/v2\/pages\/2425","targetHints":{"allow":["GET"]}}],"collection":[{"href":"https:\/\/fachjan.nl\/de\/wp-json\/wp\/v2\/pages"}],"about":[{"href":"https:\/\/fachjan.nl\/de\/wp-json\/wp\/v2\/types\/page"}],"author":[{"embeddable":true,"href":"https:\/\/fachjan.nl\/de\/wp-json\/wp\/v2\/users\/1"}],"replies":[{"embeddable":true,"href":"https:\/\/fachjan.nl\/de\/wp-json\/wp\/v2\/comments?post=2425"}],"version-history":[{"count":18,"href":"https:\/\/fachjan.nl\/de\/wp-json\/wp\/v2\/pages\/2425\/revisions"}],"predecessor-version":[{"id":2964,"href":"https:\/\/fachjan.nl\/de\/wp-json\/wp\/v2\/pages\/2425\/revisions\/2964"}],"wp:featuredmedia":[{"embeddable":true,"href":"https:\/\/fachjan.nl\/de\/wp-json\/wp\/v2\/media\/2891"}],"wp:attachment":[{"href":"https:\/\/fachjan.nl\/de\/wp-json\/wp\/v2\/media?parent=2425"}],"curies":[{"name":"wp","href":"https:\/\/api.w.org\/{rel}","templated":true}]}}