{"id":2522,"date":"2025-11-21T15:09:24","date_gmt":"2025-11-21T14:09:24","guid":{"rendered":"https:\/\/fachjan.nl\/arbeiten-bei\/"},"modified":"2026-01-20T16:22:36","modified_gmt":"2026-01-20T15:22:36","slug":"arbeiten-bei","status":"publish","type":"page","link":"https:\/\/fachjan.nl\/de\/arbeiten-bei\/","title":{"rendered":"Arbeiten bei"},"content":{"rendered":"\r\n<h4 class=\"wp-block-heading\">Arbeiten bei Fachjan<\/h4>\r\n\r\n<h2 class=\"wp-block-heading\">Wachstum beginnt hier<\/h2>\r\n\r\n<p>Bei Fachjan dreht sich alles um verantwortungsvolles Wachstum. Nicht nur das der Pflanzen, sondern vor allem das der Menschen.<br\/>Wir sind ein Familienunternehmen mit einer Leidenschaft f\u00fcr Gr\u00fcn, Nachhaltigkeit und Qualit\u00e4t. Von unseren Gew\u00e4chsh\u00e4usern im Westland bis hin zu internationalen Projekten: \u00dcberall arbeiten wir gemeinsam an einer sch\u00f6neren, gr\u00fcneren Welt.  <br\/><br\/>Ob Sie erfahren sind, ein logistisches Talent besitzen oder gerne mit Kunden arbeiten, bei Fachjan finden Sie Raum zum Lernen, zum Aufbl\u00fchen und zur Entfaltung Ihres Talents.<\/p>\r\n","protected":false},"excerpt":{"rendered":"<p>Arbeiten bei Fachjan Wachstum beginnt hier Bei Fachjan dreht sich alles um verantwortungsvolles Wachstum. Nicht nur das der Pflanzen, sondern vor allem das der Menschen.Wir sind ein Familienunternehmen mit einer Leidenschaft f\u00fcr Gr\u00fcn, Nachhaltigkeit und Qualit\u00e4t. Von unseren Gew\u00e4chsh\u00e4usern im Westland bis hin zu internationalen Projekten: \u00dcberall arbeiten wir gemeinsam an einer sch\u00f6neren, gr\u00fcneren Welt. [&hellip;]<\/p>\n","protected":false},"author":1,"featured_media":2887,"parent":0,"menu_order":0,"comment_status":"closed","ping_status":"closed","template":"page-templates\/template-werken.php","meta":{"_acf_changed":false,"footnotes":""},"class_list":["post-2522","page","type-page","status-publish","has-post-thumbnail","hentry"],"acf":[],"_links":{"self":[{"href":"https:\/\/fachjan.nl\/de\/wp-json\/wp\/v2\/pages\/2522","targetHints":{"allow":["GET"]}}],"collection":[{"href":"https:\/\/fachjan.nl\/de\/wp-json\/wp\/v2\/pages"}],"about":[{"href":"https:\/\/fachjan.nl\/de\/wp-json\/wp\/v2\/types\/page"}],"author":[{"embeddable":true,"href":"https:\/\/fachjan.nl\/de\/wp-json\/wp\/v2\/users\/1"}],"replies":[{"embeddable":true,"href":"https:\/\/fachjan.nl\/de\/wp-json\/wp\/v2\/comments?post=2522"}],"version-history":[{"count":2,"href":"https:\/\/fachjan.nl\/de\/wp-json\/wp\/v2\/pages\/2522\/revisions"}],"predecessor-version":[{"id":2612,"href":"https:\/\/fachjan.nl\/de\/wp-json\/wp\/v2\/pages\/2522\/revisions\/2612"}],"wp:featuredmedia":[{"embeddable":true,"href":"https:\/\/fachjan.nl\/de\/wp-json\/wp\/v2\/media\/2887"}],"wp:attachment":[{"href":"https:\/\/fachjan.nl\/de\/wp-json\/wp\/v2\/media?parent=2522"}],"curies":[{"name":"wp","href":"https:\/\/api.w.org\/{rel}","templated":true}]}}