{"id":2504,"date":"2025-11-21T15:29:28","date_gmt":"2025-11-21T14:29:28","guid":{"rendered":"https:\/\/fachjan.nl\/durabilite\/"},"modified":"2026-01-22T12:52:31","modified_gmt":"2026-01-22T11:52:31","slug":"durabilite","status":"publish","type":"page","link":"https:\/\/fachjan.nl\/fr\/durabilite\/","title":{"rendered":"Durabilit\u00e9"},"content":{"rendered":"<h4>Entrepreneuriat durable<\/h4>\n<h2>Le vert est dans notre ADN<\/h2>\n<p>Chez Fachjan, nous croyons que le v\u00e9ritable entrepreneuriat ne se limite pas \u00e0 la croissance, mais \u00e0 une croissance responsable.<br \/>\nCe qui a commenc\u00e9 comme une entreprise familiale anim\u00e9e par l\u2019amour des plantes est devenu une p\u00e9pini\u00e8re moderne o\u00f9 la durabilit\u00e9 est la norme.<\/p>\n<p>Nous consid\u00e9rons qu\u2019il est de notre devoir et de notre passion non seulement d\u2019utiliser la nature, mais aussi de la prot\u00e9ger.<br \/>\nDe l\u2019\u00e9nergie durable \u00e0 la r\u00e9utilisation de l\u2019eau, des syst\u00e8mes de culture intelligents \u00e0 la lutte biologique \u2014 chaque \u00e9tape que nous franchissons contribue \u00e0 un avenir plus vert.<\/p>\n","protected":false},"excerpt":{"rendered":"<p>Entrepreneuriat durable Le vert est dans notre ADN Chez Fachjan, nous croyons que le v\u00e9ritable entrepreneuriat ne se limite pas \u00e0 la croissance, mais \u00e0 une croissance responsable. Ce qui a commenc\u00e9 comme une entreprise familiale anim\u00e9e par l\u2019amour des plantes est devenu une p\u00e9pini\u00e8re moderne o\u00f9 la durabilit\u00e9 est la norme. Nous consid\u00e9rons qu\u2019il [&hellip;]<\/p>\n","protected":false},"author":1,"featured_media":2395,"parent":0,"menu_order":0,"comment_status":"closed","ping_status":"closed","template":"page-templates\/template-duurzaamheid.php","meta":{"_acf_changed":false,"footnotes":""},"class_list":["post-2504","page","type-page","status-publish","has-post-thumbnail","hentry"],"acf":[],"_links":{"self":[{"href":"https:\/\/fachjan.nl\/fr\/wp-json\/wp\/v2\/pages\/2504","targetHints":{"allow":["GET"]}}],"collection":[{"href":"https:\/\/fachjan.nl\/fr\/wp-json\/wp\/v2\/pages"}],"about":[{"href":"https:\/\/fachjan.nl\/fr\/wp-json\/wp\/v2\/types\/page"}],"author":[{"embeddable":true,"href":"https:\/\/fachjan.nl\/fr\/wp-json\/wp\/v2\/users\/1"}],"replies":[{"embeddable":true,"href":"https:\/\/fachjan.nl\/fr\/wp-json\/wp\/v2\/comments?post=2504"}],"version-history":[{"count":8,"href":"https:\/\/fachjan.nl\/fr\/wp-json\/wp\/v2\/pages\/2504\/revisions"}],"predecessor-version":[{"id":2967,"href":"https:\/\/fachjan.nl\/fr\/wp-json\/wp\/v2\/pages\/2504\/revisions\/2967"}],"wp:featuredmedia":[{"embeddable":true,"href":"https:\/\/fachjan.nl\/fr\/wp-json\/wp\/v2\/media\/2395"}],"wp:attachment":[{"href":"https:\/\/fachjan.nl\/fr\/wp-json\/wp\/v2\/media?parent=2504"}],"curies":[{"name":"wp","href":"https:\/\/api.w.org\/{rel}","templated":true}]}}