{"id":2518,"date":"2025-11-21T15:09:24","date_gmt":"2025-11-21T14:09:24","guid":{"rendered":"https:\/\/fachjan.nl\/travailler-chez-nous\/"},"modified":"2026-01-20T16:20:55","modified_gmt":"2026-01-20T15:20:55","slug":"travailler-chez-nous","status":"publish","type":"page","link":"https:\/\/fachjan.nl\/fr\/travailler-chez-nous\/","title":{"rendered":"Travailler chez nous"},"content":{"rendered":"\r\n<h4 class=\"wp-block-heading\">Travailler chez Fachjan<\/h4>\r\n\r\n<h2 class=\"wp-block-heading\">La croissance commence ici<\/h2>\r\n\r\n<p>Chez Fachjan, tout tourne autour de la croissance responsable. Pas seulement celle des plantes, mais surtout celle des personnes.<br\/>Nous sommes une entreprise familiale passionn\u00e9e par le v\u00e9g\u00e9tal, la durabilit\u00e9 et la qualit\u00e9. De nos serres dans le Westland aux projets internationaux : nous \u0153uvrons partout ensemble pour un monde plus beau et plus vert.  <br\/><br\/>Que vous soyez exp\u00e9riment\u00e9(e), un talent en logistique ou quelqu&rsquo;un qui aime travailler avec les clients, chez Fachjan vous trouverez l&rsquo;espace pour apprendre, vous \u00e9panouir et faire grandir votre talent.<\/p>\r\n","protected":false},"excerpt":{"rendered":"<p>Travailler chez Fachjan La croissance commence ici Chez Fachjan, tout tourne autour de la croissance responsable. Pas seulement celle des plantes, mais surtout celle des personnes.Nous sommes une entreprise familiale passionn\u00e9e par le v\u00e9g\u00e9tal, la durabilit\u00e9 et la qualit\u00e9. De nos serres dans le Westland aux projets internationaux : nous \u0153uvrons partout ensemble pour un [&hellip;]<\/p>\n","protected":false},"author":1,"featured_media":2886,"parent":0,"menu_order":0,"comment_status":"closed","ping_status":"closed","template":"page-templates\/template-werken.php","meta":{"_acf_changed":false,"footnotes":""},"class_list":["post-2518","page","type-page","status-publish","has-post-thumbnail","hentry"],"acf":[],"_links":{"self":[{"href":"https:\/\/fachjan.nl\/fr\/wp-json\/wp\/v2\/pages\/2518","targetHints":{"allow":["GET"]}}],"collection":[{"href":"https:\/\/fachjan.nl\/fr\/wp-json\/wp\/v2\/pages"}],"about":[{"href":"https:\/\/fachjan.nl\/fr\/wp-json\/wp\/v2\/types\/page"}],"author":[{"embeddable":true,"href":"https:\/\/fachjan.nl\/fr\/wp-json\/wp\/v2\/users\/1"}],"replies":[{"embeddable":true,"href":"https:\/\/fachjan.nl\/fr\/wp-json\/wp\/v2\/comments?post=2518"}],"version-history":[{"count":2,"href":"https:\/\/fachjan.nl\/fr\/wp-json\/wp\/v2\/pages\/2518\/revisions"}],"predecessor-version":[{"id":2611,"href":"https:\/\/fachjan.nl\/fr\/wp-json\/wp\/v2\/pages\/2518\/revisions\/2611"}],"wp:featuredmedia":[{"embeddable":true,"href":"https:\/\/fachjan.nl\/fr\/wp-json\/wp\/v2\/media\/2886"}],"wp:attachment":[{"href":"https:\/\/fachjan.nl\/fr\/wp-json\/wp\/v2\/media?parent=2518"}],"curies":[{"name":"wp","href":"https:\/\/api.w.org\/{rel}","templated":true}]}}