{"id":2552,"date":"2025-11-21T15:02:06","date_gmt":"2025-11-21T14:02:06","guid":{"rendered":"https:\/\/fachjan.nl\/histoire\/"},"modified":"2026-01-22T12:48:42","modified_gmt":"2026-01-22T11:48:42","slug":"histoire","status":"publish","type":"page","link":"https:\/\/fachjan.nl\/fr\/histoire\/","title":{"rendered":"Histoire"},"content":{"rendered":"<h4>\u00e0 propos de fachjan<\/h4>\n<h2>une confiance \u00e9tablie depuis 50 ans<\/h2>\n<p>Depuis plus de cinq d\u00e9cennies, Fachjan est implant\u00e9e au c\u0153ur vert des Pays-Bas. Nous sommes une entreprise familiale passionn\u00e9e qui s\u2019est d\u00e9velopp\u00e9e pour devenir un acteur de premier plan dans l\u2019horticulture sous serre internationale. Ce qui a commenc\u00e9 comme une culture \u00e0 petite \u00e9chelle de plantes d\u2019int\u00e9rieur est devenu une entreprise moderne et polyvalente, avec quatre sites, plus de 100 000 m\u00b2 de serres propres et une gamme allant des petites plantes en pot aux arbres pouvant atteindre quatorze m\u00e8tres de hauteur.<\/p>\n<p>Chez Fachjan, il ne s\u2019agit pas seulement de plantes, mais d\u2019exp\u00e9rience, de qualit\u00e9 et de relations durables. Nous croyons au long terme \u2014 non pas aux cha\u00eenes, mais aux partenariats.<\/p>\n","protected":false},"excerpt":{"rendered":"<p>\u00e0 propos de fachjan une confiance \u00e9tablie depuis 50 ans Depuis plus de cinq d\u00e9cennies, Fachjan est implant\u00e9e au c\u0153ur vert des Pays-Bas. Nous sommes une entreprise familiale passionn\u00e9e qui s\u2019est d\u00e9velopp\u00e9e pour devenir un acteur de premier plan dans l\u2019horticulture sous serre internationale. Ce qui a commenc\u00e9 comme une culture \u00e0 petite \u00e9chelle de [&hellip;]<\/p>\n","protected":false},"author":1,"featured_media":2890,"parent":0,"menu_order":0,"comment_status":"closed","ping_status":"closed","template":"page-templates\/template-geschiedenis.php","meta":{"_acf_changed":false,"footnotes":""},"class_list":["post-2552","page","type-page","status-publish","has-post-thumbnail","hentry"],"acf":[],"_links":{"self":[{"href":"https:\/\/fachjan.nl\/fr\/wp-json\/wp\/v2\/pages\/2552","targetHints":{"allow":["GET"]}}],"collection":[{"href":"https:\/\/fachjan.nl\/fr\/wp-json\/wp\/v2\/pages"}],"about":[{"href":"https:\/\/fachjan.nl\/fr\/wp-json\/wp\/v2\/types\/page"}],"author":[{"embeddable":true,"href":"https:\/\/fachjan.nl\/fr\/wp-json\/wp\/v2\/users\/1"}],"replies":[{"embeddable":true,"href":"https:\/\/fachjan.nl\/fr\/wp-json\/wp\/v2\/comments?post=2552"}],"version-history":[{"count":8,"href":"https:\/\/fachjan.nl\/fr\/wp-json\/wp\/v2\/pages\/2552\/revisions"}],"predecessor-version":[{"id":2963,"href":"https:\/\/fachjan.nl\/fr\/wp-json\/wp\/v2\/pages\/2552\/revisions\/2963"}],"wp:featuredmedia":[{"embeddable":true,"href":"https:\/\/fachjan.nl\/fr\/wp-json\/wp\/v2\/media\/2890"}],"wp:attachment":[{"href":"https:\/\/fachjan.nl\/fr\/wp-json\/wp\/v2\/media?parent=2552"}],"curies":[{"name":"wp","href":"https:\/\/api.w.org\/{rel}","templated":true}]}}